{"id":25802723,"date":"2025-08-29T16:48:46","date_gmt":"2025-08-29T16:48:46","guid":{"rendered":"https:\/\/planet-eros.com\/?page_id=25802723"},"modified":"2025-08-29T16:48:46","modified_gmt":"2025-08-29T16:48:46","slug":"impressum","status":"publish","type":"page","link":"https:\/\/planet-eros.com\/en\/impressum\/","title":{"rendered":"Impressum"},"content":{"rendered":"<p>[et_pb_section fb_built=&#8221;1&#8243; theme_builder_area=&#8221;post_content&#8221; _builder_version=&#8221;4.27.4&#8243; _module_preset=&#8221;default&#8221;][et_pb_row _builder_version=&#8221;4.27.4&#8243; _module_preset=&#8221;default&#8221; theme_builder_area=&#8221;post_content&#8221;][et_pb_column _builder_version=&#8221;4.27.4&#8243; _module_preset=&#8221;default&#8221; type=&#8221;4_4&#8243; theme_builder_area=&#8221;post_content&#8221;][et_pb_text _builder_version=&#8221;4.27.4&#8243; _module_preset=&#8221;default&#8221; theme_builder_area=&#8221;post_content&#8221; hover_enabled=&#8221;0&#8243; sticky_enabled=&#8221;0&#8243; header_font=&#8221;|700|||||||&#8221; header_line_height=&#8221;2em&#8221;]<\/p>\n<h1>Impressum<\/h1>\n<p><strong>Gesetzliche Anbieterkennung:<\/strong><\/p>\n<p>Theros Schulte Westenberg und P\u00f6tter GbR<\/p>\n<p>vertreten durch die Gesellschafter Hera Schulte Westenberg und Theo P\u00f6tter<\/p>\n<p>Frau-Holle-Weg 12<\/p>\n<p>49479 Ibbenb\u00fcren Deutschland<\/p>\n<p><span>Ust-IdNr. DE815652180<\/span><\/p>\n<p>Telefon: 054515628588<\/p>\n<p>E-Mail: info@theros.de<\/p>\n<p><strong>Inhaltlich Verantwortlicher gem\u00e4\u00df \u00a7 18 Abs. 2 MStV:<\/strong><\/p>\n<p>Herr Theo P\u00f6tter<\/p>\n<p>Frau-Holle-Weg 12<\/p>\n<p>49479 Ibbenb\u00fcren<\/p>\n<p>Deutschland<\/p>\n<p><strong>Alternative Streitbeilegung:<\/strong><\/p>\n<p>Die Europ\u00e4ische Kommission stellt eine Plattform f\u00fcr die au\u00dfergerichtliche Online-Streitbeilegung (OS-Plattform) bereit, aufrufbar unter\u00a0<a href=\"https:\/\/ec.europa.eu\/consumers\/odr\" target=\"_blank\" rel=\"noopener\">https:\/\/ec.europa.eu\/odr<\/a><span>\u00a0<\/span>Wir sind seit 29.07.2018 Mitglied der Initiative &#8220;FairCommerce&#8221;. N\u00e4here Informationen hierzu finden Sie unter\u00a0<a href=\"https:\/\/www.haendlerbund.de\/de\/haendlerbund\/interessenvertretung\/faircommerce\" target=\"_blank\" rel=\"noopener\">www.haendlerbund.de\/faircommerce<\/a>.<\/p>\n<p>[\/et_pb_text][\/et_pb_column][\/et_pb_row][\/et_pb_section]<\/p>\n","protected":false},"excerpt":{"rendered":"<p>Impressum Gesetzliche Anbieterkennung: Theros Schulte Westenberg und P\u00f6tter GbR vertreten durch die Gesellschafter Hera Schulte Westenberg und Theo P\u00f6tter Frau-Holle-Weg 12 49479 Ibbenb\u00fcren Deutschland Ust-IdNr. DE815652180 Telefon: 054515628588 E-Mail: info@theros.de Inhaltlich Verantwortlicher gem\u00e4\u00df \u00a7 18 Abs. 2 MStV: Herr Theo P\u00f6tter Frau-Holle-Weg 12 49479 Ibbenb\u00fcren Deutschland Alternative Streitbeilegung: Die Europ\u00e4ische Kommission stellt eine Plattform f\u00fcr [&hellip;]<\/p>\n","protected":false},"author":1,"featured_media":0,"parent":0,"menu_order":0,"comment_status":"closed","ping_status":"closed","template":"","meta":{"_et_pb_use_builder":"on","_et_pb_old_content":"","_et_gb_content_width":"","inline_featured_image":false,"footnotes":""},"dipi_cpt_category":[],"class_list":["post-25802723","page","type-page","status-publish","hentry"],"_links":{"self":[{"href":"https:\/\/planet-eros.com\/en\/wp-json\/wp\/v2\/pages\/25802723","targetHints":{"allow":["GET"]}}],"collection":[{"href":"https:\/\/planet-eros.com\/en\/wp-json\/wp\/v2\/pages"}],"about":[{"href":"https:\/\/planet-eros.com\/en\/wp-json\/wp\/v2\/types\/page"}],"author":[{"embeddable":true,"href":"https:\/\/planet-eros.com\/en\/wp-json\/wp\/v2\/users\/1"}],"replies":[{"embeddable":true,"href":"https:\/\/planet-eros.com\/en\/wp-json\/wp\/v2\/comments?post=25802723"}],"version-history":[{"count":3,"href":"https:\/\/planet-eros.com\/en\/wp-json\/wp\/v2\/pages\/25802723\/revisions"}],"predecessor-version":[{"id":25802726,"href":"https:\/\/planet-eros.com\/en\/wp-json\/wp\/v2\/pages\/25802723\/revisions\/25802726"}],"wp:attachment":[{"href":"https:\/\/planet-eros.com\/en\/wp-json\/wp\/v2\/media?parent=25802723"}],"wp:term":[{"taxonomy":"dipi_cpt_category","embeddable":true,"href":"https:\/\/planet-eros.com\/en\/wp-json\/wp\/v2\/dipi_cpt_category?post=25802723"}],"curies":[{"name":"wp","href":"https:\/\/api.w.org\/{rel}","templated":true}]}}